{"id":15553,"date":"2015-11-18T08:37:53","date_gmt":"2015-11-18T08:37:53","guid":{"rendered":"https:\/\/motorhomesalon.be\/home-nl\/"},"modified":"2026-02-27T09:31:26","modified_gmt":"2026-02-27T09:31:26","slug":"home-nl","status":"publish","type":"page","link":"https:\/\/motorhomesalon.be\/fr\/","title":{"rendered":"Home FR"},"content":{"rendered":"<div id=\"cmsmasters_row_\" class=\"cmsmasters_row cmsmasters_color_scheme_default cmsmasters_row_top_default cmsmasters_row_bot_default cmsmasters_row_boxed\">\n<div class=\"cmsmasters_row_outer_parent\">\n<div class=\"cmsmasters_row_outer\">\n<div class=\"cmsmasters_row_inner\">\n<div class=\"cmsmasters_row_margin\">\n<div id=\"cmsmasters_column_\" class=\"cmsmasters_column one_first\">\n<div class=\"cmsmasters_column_inner\"><div class=\"custom_html\">\n<div class=\"bc-cta bc-cta__exposanten d-flex justify-content-center align-items-center text-center\" style=\"background-color: transparent;\">\n  <a href=\"https:\/\/baai-concept.fairtix.io\/p\/2026-motorhomesalon-antwerpen\" \n     target=\"\"\n     style=\"\n       width: 150px;\n       height: 150px;\n       background-color: orange;\n       border-radius: 50%;\n       color: black;\n       text-decoration: none;\n       display: flex;\n       justify-content: center;\n       align-items: center;\n       font-weight: 700;\n       font-size: 20px;\n       text-align: center;\n     \"><br \/>\n    <span style=\"display: block; line-height: 1;\">BILLET<\/span><br \/>\n  <\/a>\n<\/div>\n<\/div>\n<div class=\"cmsmasters_text\">\n<p>&nbsp;<\/p>\n<\/div>\n<\/div><\/div>\n<\/div>\n<\/div>\n<\/div>\n<\/div>\n<\/div>\n<div id=\"cmsmasters_row_46351931b1\" class=\"cmsmasters_row cmsmasters_color_scheme_default cmsmasters_row_top_default cmsmasters_row_bot_default cmsmasters_row_fullwidth\">\n<div class=\"cmsmasters_row_outer_parent\">\n<div class=\"cmsmasters_row_outer\">\n<div class=\"cmsmasters_row_inner cmsmasters_row_fullwidth\">\n<div class=\"cmsmasters_row_margin\">\n<div id=\"cmsmasters_column_\" class=\"cmsmasters_column one_first slide-section\">\n<div class=\"cmsmasters_column_inner\">\n<div class=\"cmsmasters_slider\">\n\t\t\t<!-- START home_slider 1 11 REVOLUTION SLIDER 6.6.12 --><p class=\"rs-p-wp-fix\"><\/p>\n\t\t\t<rs-module-wrap id=\"rev_slider_10_1_wrapper\" data-source=\"gallery\" style=\"visibility:hidden;background:transparent;padding:0;margin:0px auto;margin-top:0;margin-bottom:0;\">\n\t\t\t\t<rs-module id=\"rev_slider_10_1\" style=\"\" data-version=\"6.6.12\">\n\t\t\t\t\t<rs-slides style=\"overflow: hidden; position: absolute;\">\n\t\t\t\t\t\t<rs-slide style=\"position: absolute;\" data-key=\"rs-26\" data-title=\"Slide\" data-in=\"o:0;\" data-out=\"a:false;\">\n\t\t\t\t\t\t\t<img decoding=\"async\" src=\"\/\/motorhomesalon.be\/wp-content\/plugins\/revslider\/public\/assets\/assets\/dummy.png\" alt=\"\" title=\"New Project (2)\" width=\"2560\" height=\"1707\" class=\"rev-slidebg tp-rs-img rs-lazyload\" data-lazyload=\"\/\/motorhomesalon.be\/wp-content\/uploads\/2017\/12\/New-Project-2.png\" data-no-retina>\n<!--\n\t\t\t\t\t\t\t--><rs-layer\n\t\t\t\t\t\t\t\tid=\"slider-10-slide-26-layer-0\" \n\t\t\t\t\t\t\t\tdata-type=\"shape\"\n\t\t\t\t\t\t\t\tdata-rsp_ch=\"on\"\n\t\t\t\t\t\t\t\tdata-xy=\"x:c;xo:-8px,-6px,-4px,-2px;y:m;yo:-164px,-133px,-101px,-62px;\"\n\t\t\t\t\t\t\t\tdata-text=\"w:normal;s:20,16,12,7;l:0,20,15,9;\"\n\t\t\t\t\t\t\t\tdata-dim=\"w:100%;h:1090px,1103px,1081px,666px;\"\n\t\t\t\t\t\t\t\tdata-basealign=\"slide\"\n\t\t\t\t\t\t\t\tdata-frame_999=\"o:0;st:w;\"\n\t\t\t\t\t\t\t\tstyle=\"z-index:6;background-color:rgba(0,0,0,0.5);\"\n\t\t\t\t\t\t\t> \n\t\t\t\t\t\t\t<\/rs-layer><!--\n\n\t\t\t\t\t\t\t--><rs-layer\n\t\t\t\t\t\t\t\tid=\"slider-10-slide-26-layer-3\" \n\t\t\t\t\t\t\t\tdata-type=\"text\"\n\t\t\t\t\t\t\t\tdata-color=\"#fff\"\n\t\t\t\t\t\t\t\tdata-rsp_ch=\"on\"\n\t\t\t\t\t\t\t\tdata-xy=\"x:r;xo:0,0,0,4px;yo:239px,194px,147px,56px;\"\n\t\t\t\t\t\t\t\tdata-text=\"w:normal;s:52,52,39,24;l:90,73,55,33;ls:-4,-3,-2,-1;fw:800;a:center;\"\n\t\t\t\t\t\t\t\tdata-dim=\"w:1259px,1023px,777px,479px;minh:0px,none,none,none;\"\n\t\t\t\t\t\t\t\tdata-frame_999=\"o:0;st:w;\"\n\t\t\t\t\t\t\t\tstyle=\"z-index:10;font-family:'Poppins';\"\n\t\t\t\t\t\t\t>Salon du camping-car<br \/>\n \n\t\t\t\t\t\t\t<\/rs-layer><!--\n\n\t\t\t\t\t\t\t--><rs-layer\n\t\t\t\t\t\t\t\tid=\"slider-10-slide-26-layer-4\" \n\t\t\t\t\t\t\t\tdata-type=\"text\"\n\t\t\t\t\t\t\t\tdata-color=\"#fff\"\n\t\t\t\t\t\t\t\tdata-rsp_ch=\"on\"\n\t\t\t\t\t\t\t\tdata-xy=\"xo:384px,258px,196px,107px;yo:410px,335px,254px,127px;\"\n\t\t\t\t\t\t\t\tdata-text=\"w:normal;s:52,52,39,24;l:90,73,55,33;ls:-4,-3,-2,-1;fw:800;\"\n\t\t\t\t\t\t\t\tdata-dim=\"minh:0px,none,none,none;\"\n\t\t\t\t\t\t\t\tdata-frame_999=\"o:0;st:w;\"\n\t\t\t\t\t\t\t\tstyle=\"z-index:10;font-family:'Poppins';\"\n\t\t\t\t\t\t\t>Anvers Expo: 28\/2 & 1\/3\/2026 \n\t\t\t\t\t\t\t<\/rs-layer><!--\n\n\t\t\t\t\t\t\t--><a\n\t\t\t\t\t\t\t\tid=\"slider-10-slide-26-layer-11\" \n\t\t\t\t\t\t\t\tclass=\"rs-layer rev-btn\"\n\t\t\t\t\t\t\t\thref=\"https:\/\/baai-concept.fairtix.io\/p\/2026-motorhomesalon-antwerpen\" target=\"_blank\" rel=\"noopener\"\n\t\t\t\t\t\t\t\tdata-type=\"button\"\n\t\t\t\t\t\t\t\tdata-color=\"#000000\"\n\t\t\t\t\t\t\t\tdata-rsp_ch=\"on\"\n\t\t\t\t\t\t\t\tdata-xy=\"xo:465px,371px,281px,166px;yo:522px,426px,323px,174px;\"\n\t\t\t\t\t\t\t\tdata-text=\"w:normal;s:20,16,12,10;l:42,34,25,21;fw:700;a:center;\"\n\t\t\t\t\t\t\t\tdata-dim=\"w:391px,317px,240px,139px;h:47px,38px,28px,46px;minh:0,none,none,none;\"\n\t\t\t\t\t\t\t\tdata-padding=\"r:26,21,16,14;l:26,21,16,14;\"\n\t\t\t\t\t\t\t\tdata-frame_999=\"o:0;st:w;\"\n\t\t\t\t\t\t\t\tdata-frame_hover=\"c:#fff;bgc:#797979;bor:0px,0px,0px,0px;\"\n\t\t\t\t\t\t\t\tstyle=\"z-index:9;background-color:#eab300;font-family:'Poppins';\"\n\t\t\t\t\t\t\t>BILLET<br \/>\n \n\t\t\t\t\t\t\t<\/a><!--\n-->\t\t\t\t\t\t<\/rs-slide>\n\t\t\t\t\t<\/rs-slides>\n\t\t\t\t\t<rs-static-layers class=\"rs-stl-visible\"><!--\n\t\t\t\t\t--><\/rs-static-layers>\n\t\t\t\t<\/rs-module>\n\t\t\t\t<script>\n\t\t\t\t\tsetREVStartSize({c: 'rev_slider_10_1',rl:[1240,1024,778,480],el:[650,768,768,480],gw:[1260,1024,778,480],gh:[650,768,768,480],type:'standard',justify:'',layout:'fullwidth',mh:\"0\"});if (window.RS_MODULES!==undefined && window.RS_MODULES.modules!==undefined && window.RS_MODULES.modules[\"revslider101\"]!==undefined) {window.RS_MODULES.modules[\"revslider101\"].once = false;window.revapi10 = undefined;if (window.RS_MODULES.checkMinimal!==undefined) window.RS_MODULES.checkMinimal()}\n\t\t\t\t<\/script>\n\t\t\t<\/rs-module-wrap>\n\t\t\t<!-- END REVOLUTION SLIDER -->\n<\/div>\n<\/div><\/div>\n<\/div>\n<\/div>\n<\/div>\n<\/div>\n<\/div>\n<div id=\"cmsmasters_row_k4yiclx5i\" class=\"cmsmasters_row cmsmasters_color_scheme_default cmsmasters_row_top_default cmsmasters_row_bot_default cmsmasters_row_boxed\">\n<div class=\"cmsmasters_row_outer_parent\">\n<div class=\"cmsmasters_row_outer\">\n<div class=\"cmsmasters_row_inner\">\n<div class=\"cmsmasters_row_margin\">\n<div id=\"cmsmasters_column_gxldppmoze\" class=\"cmsmasters_column one_first\">\n<div class=\"cmsmasters_column_inner\"><div id=\"cmsmasters_heading_l6o7genvc\" class=\"cmsmasters_heading_wrap cmsmasters_heading_align_center\" data-animation=\"bounceIn\" data-delay=\"0\">\n\t<h6 class=\"cmsmasters_heading\">15 ans de Motorhomesalon \u2013 \u00e0 ne pas manquer !<\/h6>\n<\/div><div id=\"cmsmasters_heading_2pc34zq5u5\" class=\"cmsmasters_heading_wrap cmsmasters_heading_align_center\" data-animation=\"bounceIn\" data-delay=\"0\">\n\t<h4 class=\"cmsmasters_heading\">4 HALLS<\/h4>\n<\/div><div class=\"cmsmasters_text\">\n<p style=\"text-align: center;\" data-start=\"348\" data-end=\"662\">Remplis de camping-cars, accessoires, v\u00e9los et inspiration. Le salon complet pour ceux qui souhaitent acheter, d\u00e9couvrir, louer ou am\u00e9liorer leur camping-car.<\/p>\n<p style=\"text-align: center;\" data-start=\"348\" data-end=\"662\"><strong data-start=\"348\" data-end=\"385\">Trouvez votre camping-car parfait<\/strong><br data-start=\"385\" data-end=\"388\" \/>Camping-cars d\u2019occasion, en stock ou neufs \u2014 du compact au luxueux, m\u00eame 4\u00d74.<br data-start=\"465\" data-end=\"468\" \/>Avec garantie et conditions avantageuses.<br data-start=\"509\" data-end=\"512\" \/>D\u00e9couvrez toutes les grandes marques et mod\u00e8les au Motorhomesalon d\u2019Anvers, avec tous les concessionnaires belges de camping-cars sous un m\u00eame toit.<\/p>\n<p style=\"text-align: center;\" data-start=\"664\" data-end=\"1081\"><strong data-start=\"664\" data-end=\"716\">Int\u00e9ressant aussi pour les propri\u00e9taires actuels<\/strong><br data-start=\"716\" data-end=\"719\" \/>Dans un hall entier, d\u00e9couvrez les tout derniers accessoires, am\u00e9liorations intelligentes et gadgets de voyage pour votre camping-car, tout en puisant de l\u2019inspiration pour de magnifiques destinations.<br data-start=\"920\" data-end=\"923\" \/>Visitez la boutique d\u2019accessoires sur le salon et achetez vos articles pr\u00e9f\u00e9r\u00e9s sur place.<br data-start=\"1013\" data-end=\"1016\" \/>Venez et am\u00e9liorez votre exp\u00e9rience camping-car imm\u00e9diatement !<\/p>\n<p style=\"text-align: center;\" data-start=\"1083\" data-end=\"1571\"><strong data-start=\"1083\" data-end=\"1115\">Village v\u00e9lo &amp; Parcours v\u00e9lo<\/strong><br data-start=\"1115\" data-end=\"1118\" \/>D\u00e9couvrez dans le Village v\u00e9lo les derniers v\u00e9los (\u00e9lectriques) et trottinettes des grandes marques.<br data-start=\"1218\" data-end=\"1221\" \/>Faites-vous conseiller par des experts, comparez les mod\u00e8les c\u00f4te \u00e0 c\u00f4te et trouvez celui qui correspond \u00e0 votre style de voyage \u2014 des v\u00e9los pliants compacts aux puissants e-bikes pour de longs parcours.<br data-start=\"1424\" data-end=\"1427\" \/>Testez tous les mod\u00e8les sur le parcours v\u00e9lo : ressentez la diff\u00e9rence en confort et en maniabilit\u00e9, et faites votre choix en toute confiance.<\/p>\n<p style=\"text-align: center;\" data-start=\"1573\" data-end=\"1755\"><strong data-start=\"1573\" data-end=\"1610\">Sessions d\u2019information &amp; ateliers<\/strong><br data-start=\"1610\" data-end=\"1613\" \/>Sessions pratiques et ateliers interactifs par des sp\u00e9cialistes \u2014 pour les d\u00e9butants comme pour les passionn\u00e9s exp\u00e9riment\u00e9s de camping-cars.<\/p>\n<p style=\"text-align: center;\" data-start=\"1757\" data-end=\"2143\"><strong data-start=\"1757\" data-end=\"1791\">NOUVEAU : Place des am\u00e9nageurs<\/strong><br data-start=\"1791\" data-end=\"1794\" \/>La zone pour les am\u00e9nageurs professionnels et les bricoleurs ambitieux.<br data-start=\"1865\" data-end=\"1868\" \/>D\u00e9couvrez des modules plug-&amp;-play, des int\u00e9rieurs modulaires et des techniques intelligentes \u00e0 int\u00e9grer facilement.<br data-start=\"1983\" data-end=\"1986\" \/>Participez \u00e0 de courtes sessions d\u2019information et ateliers pratiques, rencontrez les fournisseurs et laissez-vous inspirer pour votre prochain am\u00e9nagement.<\/p>\n<p style=\"text-align: center;\" data-start=\"2145\" data-end=\"2550\"><strong data-start=\"2145\" data-end=\"2174\">NOUVEAU : Place caravanes<\/strong><br data-start=\"2174\" data-end=\"2177\" \/>Pour la premi\u00e8re fois, nous accueillons \u00e9galement des concessionnaires de caravanes au Motorhomesalon.<br data-start=\"2279\" data-end=\"2282\" \/>Les caravaniers y trouveront tout ce qu\u2019ils recherchent : nouveaux mod\u00e8les, conseils et accessoires.<br data-start=\"2382\" data-end=\"2385\" \/>De plus, profitez d\u2019exp\u00e9riences suppl\u00e9mentaires avec des ateliers pratiques, de courtes sessions d\u2019information et des experts pour r\u00e9pondre \u00e0 toutes vos questions.<\/p>\n<p style=\"text-align: center;\" data-start=\"2552\" data-end=\"2630\"><strong data-start=\"2552\" data-end=\"2628\">Venez nous rejoindre les 28 f\u00e9vrier et 1er mars 2026 au Motorhomesalon !<\/strong><\/p>\n<\/div>\n<\/div><\/div>\n<\/div>\n<\/div>\n<\/div>\n<\/div>\n<\/div>\n<div id=\"cmsmasters_row_w9gcvmlzc\" class=\"cmsmasters_row cmsmasters_color_scheme_default cmsmasters_row_top_default cmsmasters_row_bot_default cmsmasters_row_fullwidth\">\n<div class=\"cmsmasters_row_outer_parent\">\n<div class=\"cmsmasters_row_outer\">\n<div class=\"cmsmasters_row_inner cmsmasters_row_fullwidth\">\n<div class=\"cmsmasters_row_margin\">\n<div id=\"cmsmasters_column_dc4qx373lx\" class=\"cmsmasters_column one_first\">\n<div class=\"cmsmasters_column_inner\"><div class=\"aligncenter\"><div class=\"cmsmasters_img  cmsmasters_image_c imgvid\"><img decoding=\"async\" src=\"https:\/\/motorhomesalon.be\/wp-content\/uploads\/2025\/12\/motorhomesalon-Antwerp-fr-scaled.png\" \/><\/div><\/div>\n<\/div><\/div>\n<\/div>\n<\/div>\n<\/div>\n<\/div>\n<\/div>\n<div id=\"cmsmasters_row_7izjk2kcr\" class=\"cmsmasters_row cmsmasters_color_scheme_default cmsmasters_row_top_default cmsmasters_row_bot_default cmsmasters_row_boxed\">\n<div class=\"cmsmasters_row_outer_parent\">\n<div class=\"cmsmasters_row_outer\">\n<div class=\"cmsmasters_row_inner\">\n<div class=\"cmsmasters_row_margin\">\n<div id=\"cmsmasters_column_i5i8qkf3v\" class=\"cmsmasters_column one_first slide-section\">\n<div class=\"cmsmasters_column_inner\">\n<div class=\"cmsmasters_slider\">\n\t\t\t<!-- START Homepage Video Slider REVOLUTION SLIDER 6.6.12 --><p class=\"rs-p-wp-fix\"><\/p>\n\t\t\t<rs-module-wrap id=\"rev_slider_7_2_wrapper\" data-source=\"gallery\" style=\"visibility:hidden;background:transparent;padding:0;margin:0px auto;margin-top:0;margin-bottom:0;\">\n\t\t\t\t<rs-module id=\"rev_slider_7_2\" style=\"\" data-version=\"6.6.12\">\n\t\t\t\t\t<rs-slides style=\"overflow: hidden; position: absolute;\">\n\t\t\t\t\t\t<rs-slide style=\"position: absolute;\" data-key=\"rs-17\" data-title=\"Slide\" data-in=\"o:0;\" data-out=\"a:false;\">\n\t\t\t\t\t\t\t<img decoding=\"async\" src=\"\/\/motorhomesalon.be\/wp-content\/plugins\/revslider\/public\/assets\/assets\/dummy.png\" alt=\"Slide\" title=\"Home FR\" class=\"rev-slidebg tp-rs-img rs-lazyload\" data-lazyload=\"\/\/motorhomesalon.be\/wp-content\/plugins\/revslider\/public\/assets\/assets\/transparent.png\" data-no-retina>\n<!--\n\t\t\t\t\t\t\t--><rs-layer\n\t\t\t\t\t\t\t\tid=\"slider-7-slide-17-layer-0\" \n\t\t\t\t\t\t\t\tclass=\"rs-fsv rs-layer-video intrinsic-ignore\"\n\t\t\t\t\t\t\t\tdata-type=\"video\"\n\t\t\t\t\t\t\t\tdata-rsp_ch=\"on\"\n\t\t\t\t\t\t\t\tdata-xy=\"x:0;y:0;\"\n\t\t\t\t\t\t\t\tdata-text=\"w:normal;\"\n\t\t\t\t\t\t\t\tdata-dim=\"w:100%;h:100%;\"\n\t\t\t\t\t\t\t\tdata-basealign=\"slide\"\n\t\t\t\t\t\t\t\tdata-video=\"vfc:true;vd:20;fc:true;l:false;ptimer:true;vc:t;\"\n\t\t\t\t\t\t\t\tdata-poster=\"\/\/motorhomesalon.be\/wp-content\/uploads\/revslider\/video-media\/M4B-Antwerp-Expo-11-MAART-23-zachte-muziek_17_layer.jpeg\"\n\t\t\t\t\t\t\t\tdata-mp4=\"\/\/motorhomesalon.be\/wp-content\/uploads\/2023\/05\/M4B-Antwerp-Expo-11-MAART-23-zachte-muziek.mp4\"\n\t\t\t\t\t\t\t\tdata-frame_999=\"o:0;st:w;\"\n\t\t\t\t\t\t\t\tstyle=\"z-index:5;\"\n\t\t\t\t\t\t\t>\n\t\t\t\t\t\t\t<\/rs-layer><!--\n\n\t\t\t\t\t\t\t--><rs-layer\n\t\t\t\t\t\t\t\tid=\"slider-7-slide-17-layer-1\" \n\t\t\t\t\t\t\t\tdata-type=\"text\"\n\t\t\t\t\t\t\t\tdata-color=\"#ffffff\"\n\t\t\t\t\t\t\t\tdata-rsp_ch=\"on\"\n\t\t\t\t\t\t\t\tdata-xy=\"x:r;\"\n\t\t\t\t\t\t\t\tdata-text=\"w:normal;s:25;l:35;\"\n\t\t\t\t\t\t\t\tdata-frame_999=\"o:0;st:w;\"\n\t\t\t\t\t\t\t\tstyle=\"z-index:6;font-family:'Roboto';\"\n\t\t\t\t\t\t\t> \n\t\t\t\t\t\t\t<\/rs-layer><!--\n-->\t\t\t\t\t\t<\/rs-slide>\n\t\t\t\t\t<\/rs-slides>\n\t\t\t\t\t<rs-static-layers><!--\n\t\t\t\t\t--><\/rs-static-layers>\n\t\t\t\t<\/rs-module>\n\t\t\t\t<script>\n\t\t\t\t\tsetREVStartSize({c: 'rev_slider_7_2',rl:[1240,1024,778,480],el:[700],gw:[1240],gh:[700],type:'standard',justify:'',layout:'fullwidth',mh:\"0\"});if (window.RS_MODULES!==undefined && window.RS_MODULES.modules!==undefined && window.RS_MODULES.modules[\"revslider72\"]!==undefined) {window.RS_MODULES.modules[\"revslider72\"].once = false;window.revapi7 = undefined;if (window.RS_MODULES.checkMinimal!==undefined) window.RS_MODULES.checkMinimal()}\n\t\t\t\t<\/script>\n\t\t\t<\/rs-module-wrap>\n\t\t\t<!-- END REVOLUTION SLIDER -->\n<\/div>\n<\/div><\/div>\n<\/div>\n<\/div>\n<\/div>\n<\/div>\n<\/div>\n<div id=\"cmsmasters_row_yxqd0gguuk\" class=\"cmsmasters_row cmsmasters_color_scheme_default cmsmasters_row_top_default cmsmasters_row_bot_default cmsmasters_row_fullwidth\">\n<div class=\"cmsmasters_row_outer_parent\">\n<div class=\"cmsmasters_row_outer\">\n<div class=\"cmsmasters_row_inner cmsmasters_row_fullwidth\">\n<div class=\"cmsmasters_row_margin\">\n<div id=\"cmsmasters_column_h21q0yvyxh\" class=\"cmsmasters_column one_fourth\">\n<div class=\"cmsmasters_column_inner\"><div class=\"aligncenter\"><div class=\"cmsmasters_img  cmsmasters_image_c with_caption\"><a href=\"https:\/\/motorhomesalon.be\/fr\/anvers\/\"><img decoding=\"async\" src=\"https:\/\/motorhomesalon.be\/wp-content\/uploads\/2023\/09\/firstimage-1.png\" \/><\/a><p class=\"cmsmasters_img_caption\">INFO PRATIQUE<\/p><\/div><\/div>\n<\/div><\/div>\n<div id=\"cmsmasters_column_2sgcidi87h\" class=\"cmsmasters_column one_fourth\">\n<div class=\"cmsmasters_column_inner\"><div class=\"cmsmasters_img  cmsmasters_image_n with_caption\"><a href=\"https:\/\/motorhomesalon.be\/fr\/demande-dhebergement-salon-du-camping-car\"><img decoding=\"async\" src=\"https:\/\/motorhomesalon.be\/wp-content\/uploads\/2023\/09\/secondimage.png\" \/><\/a><p class=\"cmsmasters_img_caption\">NUIT\u00c9E<\/p><\/div>\n<\/div><\/div>\n<div id=\"cmsmasters_column_75id31ou4\" class=\"cmsmasters_column one_fourth\">\n<div class=\"cmsmasters_column_inner\"><div class=\"cmsmasters_img  cmsmasters_image_n with_caption\"><a href=\"https:\/\/motorhomesalon.be\/fr\/exposants\/\"><img decoding=\"async\" src=\"https:\/\/motorhomesalon.be\/wp-content\/uploads\/2017\/12\/New-Project-1.png\" \/><\/a><p class=\"cmsmasters_img_caption\">EXPOSANTS<\/p><\/div>\n<\/div><\/div>\n<div id=\"cmsmasters_column_y83bfc9qsf\" class=\"cmsmasters_column one_fourth\">\n<div class=\"cmsmasters_column_inner\"><div class=\"cmsmasters_img  cmsmasters_image_n with_caption\"><a href=\"https:\/\/baai-concept.fairtix.io\/p\/2026-motorhomesalon-antwerpen\"><img decoding=\"async\" src=\"https:\/\/motorhomesalon.be\/wp-content\/uploads\/2023\/06\/AdobeStock_373495132-scaled.jpeg\" \/><\/a><p class=\"cmsmasters_img_caption\">BILLETS<\/p><\/div>\n<\/div><\/div>\n<\/div>\n<\/div>\n<\/div>\n<\/div>\n<\/div>\n<div id=\"cmsmasters_row_ofyrwghon\" class=\"cmsmasters_row cmsmasters_color_scheme_default cmsmasters_row_top_default cmsmasters_row_bot_default cmsmasters_row_boxed\">\n<div class=\"cmsmasters_row_outer_parent\">\n<div class=\"cmsmasters_row_outer\">\n<div class=\"cmsmasters_row_inner cmsmasters_row_no_margin\">\n<div class=\"cmsmasters_row_margin\">\n<div id=\"cmsmasters_column_0kxmkwg2e\" class=\"cmsmasters_column one_half sectoimg\">\n<div class=\"cmsmasters_column_inner\"><div class=\"cmsmasters_img  cmsmasters_image_l\"><img decoding=\"async\" src=\"https:\/\/motorhomesalon.be\/wp-content\/uploads\/2023\/08\/AdobeStock_620976351-1024x574.jpeg\" \/><\/div>\n<\/div><\/div>\n<div id=\"cmsmasters_column_aztfsbfunr\" class=\"cmsmasters_column one_half secto\">\n<div class=\"cmsmasters_column_inner\"><div id=\"cmsmasters_heading_wearjcf89l\" class=\"cmsmasters_heading_wrap cmsmasters_heading_align_left\" data-animation=\"bounceIn\" data-delay=\"0\">\n\t<h3 class=\"cmsmasters_heading\">Restez inform\u00e9.<\/h3>\n<\/div><div class=\"cmsmasters_text\">\n<p><\/p>\n<\/div>\n<div id=\"cmsmasters_heading_3decj8ies\" class=\"cmsmasters_heading_wrap cmsmasters_heading_align_left\" data-animation=\"bounceIn\" data-delay=\"0\">\n\t<h4 class=\"cmsmasters_heading\">Abonnez-vous \u00e0 la lettre d&rsquo;information<\/h4>\n<\/div><div id=\"cmsmasters_heading_7m6gufe5bu\" class=\"cmsmasters_heading_wrap cmsmasters_heading_align_left\">\n\t<h4 class=\"cmsmasters_heading cmsmasters-icon-custom-rocket\">Vous souhaitez \u00eatre tenu au courant des salons professionnels, des cadeaux et des autres nouvelles qui int\u00e9ressent les amateurs de voyages en camping-car ?<\/h4>\n<\/div>\n<div class=\"cmsmasters_contact_form\">\n<div class=\"wpcf7 no-js\" id=\"wpcf7-f15897-o1\" lang=\"fr-FR\" dir=\"ltr\" data-wpcf7-id=\"15897\">\n<div class=\"screen-reader-response\"><p role=\"status\" aria-live=\"polite\" aria-atomic=\"true\"><\/p> <ul><\/ul><\/div>\n<form action=\"\/fr\/wp-json\/wp\/v2\/pages\/15553#wpcf7-f15897-o1\" method=\"post\" class=\"wpcf7-form init\" aria-label=\"Formulaire de contact\" novalidate=\"novalidate\" data-status=\"init\">\n<fieldset class=\"hidden-fields-container\"><input type=\"hidden\" name=\"_wpcf7\" value=\"15897\" \/><input type=\"hidden\" name=\"_wpcf7_version\" value=\"6.1.1\" \/><input type=\"hidden\" name=\"_wpcf7_locale\" value=\"fr_FR\" \/><input type=\"hidden\" name=\"_wpcf7_unit_tag\" value=\"wpcf7-f15897-o1\" \/><input type=\"hidden\" name=\"_wpcf7_container_post\" value=\"0\" \/><input type=\"hidden\" name=\"_wpcf7_posted_data_hash\" value=\"\" \/><input type=\"hidden\" name=\"_wpcf7_recaptcha_response\" value=\"\" \/>\n<\/fieldset>\n<p><label> Votre e-mail<br \/>\n<span class=\"wpcf7-form-control-wrap\" data-name=\"your-email\"><input size=\"40\" maxlength=\"400\" class=\"wpcf7-form-control wpcf7-email wpcf7-validates-as-required wpcf7-text wpcf7-validates-as-email\" autocomplete=\"E-mail\" aria-required=\"true\" aria-invalid=\"false\" value=\"\" type=\"email\" name=\"your-email\" \/><\/span> <\/label>\n<\/p>\n<p><span class=\"wpcf7-form-control-wrap\" data-name=\"acceptance-236\"><span class=\"wpcf7-form-control wpcf7-acceptance\"><span class=\"wpcf7-list-item\"><label><input type=\"checkbox\" name=\"acceptance-236\" value=\"1\" aria-invalid=\"false\" \/><span class=\"wpcf7-list-item-label\">J'ai lu et j'accepte les conditions relatives \u00e0 la protection de la vie priv\u00e9e et aux cookies.<\/span><\/label><\/span><\/span><\/span>\n<\/p>\n<span class=\"wpcf7-form-control-wrap recaptcha\" data-name=\"recaptcha\"><span data-sitekey=\"6Ldj3DwoAAAAAKOBaMOkjxGH6UdEubQ5dGeMgSWd\" class=\"wpcf7-form-control wpcf7-recaptcha g-recaptcha\"><\/span>\r\n<noscript>\r\n\t<div class=\"grecaptcha-noscript\">\r\n\t\t<iframe loading=\"lazy\" src=\"https:\/\/www.google.com\/recaptcha\/api\/fallback?k=6Ldj3DwoAAAAAKOBaMOkjxGH6UdEubQ5dGeMgSWd\" frameborder=\"0\" scrolling=\"no\" width=\"310\" height=\"430\">\r\n\t\t<\/iframe>\r\n\t\t<textarea name=\"g-recaptcha-response\" rows=\"3\" cols=\"40\" placeholder=\"reCaptcha Response Here\">\r\n\t\t<\/textarea>\r\n\t<\/div>\r\n<\/noscript>\r\n<\/span>\n<p><input class=\"wpcf7-form-control wpcf7-submit has-spinner\" type=\"submit\" value=\"Envoyer\" \/>\n<\/p><input type='hidden' class='wpcf7-pum' value='{\"closepopup\":false,\"closedelay\":0,\"openpopup\":false,\"openpopup_id\":0}' \/><div class=\"wpcf7-response-output\" aria-hidden=\"true\"><\/div>\n<\/form>\n<\/div>\n<\/div>\n<\/div><\/div>\n<\/div>\n<\/div>\n<\/div>\n<\/div>\n<\/div>\n<div id=\"cmsmasters_row_97avz2obmm\" class=\"cmsmasters_row cmsmasters_color_scheme_default cmsmasters_row_top_default cmsmasters_row_bot_default cmsmasters_row_boxed\">\n<div class=\"cmsmasters_row_outer_parent\">\n<div class=\"cmsmasters_row_outer\">\n<div class=\"cmsmasters_row_inner cmsmasters_row_no_margin\">\n<div class=\"cmsmasters_row_margin\">\n<div id=\"cmsmasters_column_l07mfvphi7\" class=\"cmsmasters_column one_half sectoimg\">\n<div class=\"cmsmasters_column_inner\"><div class=\"cmsmasters_img  cmsmasters_image_n\"><img decoding=\"async\" src=\"https:\/\/motorhomesalon.be\/wp-content\/uploads\/revslider\/video-media\/M4B-Antwerp-Expo-11-MAART-23-zachte-muziek_1.jpeg\" \/><\/div>\n<\/div><\/div>\n<div id=\"cmsmasters_column_3zk75nypd\" class=\"cmsmasters_column one_half secto\">\n<div class=\"cmsmasters_column_inner\"><div id=\"cmsmasters_heading_mi56drtgmo\" class=\"cmsmasters_heading_wrap cmsmasters_heading_align_left\" data-animation=\"bounceIn\" data-delay=\"0\">\n\t<h3 class=\"cmsmasters_heading\">R\u00e9servez votre stand d\u00e8s maintenant<\/h3>\n<\/div><div class=\"cmsmasters_text\">\n<p><\/p>\n<\/div>\n<div id=\"cmsmasters_heading_aclaxnpt04\" class=\"cmsmasters_heading_wrap cmsmasters_heading_align_left\" data-animation=\"bounceIn\" data-delay=\"0\">\n\t<h4 class=\"cmsmasters_heading\">D\u00e9couvrez les possibilit\u00e9s<\/h4>\n<\/div><div id=\"cmsmasters_heading_0bijdp4zdb\" class=\"cmsmasters_heading_wrap cmsmasters_heading_align_left\">\n\t<h4 class=\"cmsmasters_heading cmsmasters-icon-custom-rocket\">Laissez vos coordonn\u00e9es et nous vous contacterons.<\/h4>\n<\/div><div id=\"cmsmasters_button_0w8jch70kc\" class=\"button_wrap\"><a href=\"https:\/\/motorhomesalon.be\/fr\/reservez-votre-stand\/\" class=\"cmsmasters_button\" target=\"_blank\"><span>JE VEUX PLUS D&rsquo;INFORMATIONS<\/span><\/a><\/div>\n<\/div><\/div>\n<\/div>\n<\/div>\n<\/div>\n<\/div>\n<\/div>\n\n","protected":false},"excerpt":{"rendered":"","protected":false},"author":1,"featured_media":0,"parent":0,"menu_order":0,"comment_status":"closed","ping_status":"closed","template":"","meta":{"om_disable_all_campaigns":false,"footnotes":""},"class_list":["post-15553","page","type-page","status-publish","hentry"],"_links":{"self":[{"href":"https:\/\/motorhomesalon.be\/fr\/wp-json\/wp\/v2\/pages\/15553","targetHints":{"allow":["GET"]}}],"collection":[{"href":"https:\/\/motorhomesalon.be\/fr\/wp-json\/wp\/v2\/pages"}],"about":[{"href":"https:\/\/motorhomesalon.be\/fr\/wp-json\/wp\/v2\/types\/page"}],"author":[{"embeddable":true,"href":"https:\/\/motorhomesalon.be\/fr\/wp-json\/wp\/v2\/users\/1"}],"replies":[{"embeddable":true,"href":"https:\/\/motorhomesalon.be\/fr\/wp-json\/wp\/v2\/comments?post=15553"}],"version-history":[{"count":51,"href":"https:\/\/motorhomesalon.be\/fr\/wp-json\/wp\/v2\/pages\/15553\/revisions"}],"predecessor-version":[{"id":18438,"href":"https:\/\/motorhomesalon.be\/fr\/wp-json\/wp\/v2\/pages\/15553\/revisions\/18438"}],"wp:attachment":[{"href":"https:\/\/motorhomesalon.be\/fr\/wp-json\/wp\/v2\/media?parent=15553"}],"curies":[{"name":"wp","href":"https:\/\/api.w.org\/{rel}","templated":true}]}}